{"id":26,"date":"2022-03-02T04:04:30","date_gmt":"2022-03-02T04:04:30","guid":{"rendered":"https:\/\/demo.ovatheme.com\/infetech\/?page_id=26"},"modified":"2023-05-10T22:42:43","modified_gmt":"2023-05-10T21:42:43","slug":"about","status":"publish","type":"page","link":"https:\/\/www.rxnautic.com\/index.php\/about\/","title":{"rendered":"About"},"content":{"rendered":"\t\t<div data-elementor-type=\"wp-page\" data-elementor-id=\"26\" class=\"elementor elementor-26\">\n\t\t\t\t\t\t<section class=\"elementor-section elementor-top-section elementor-element elementor-element-f980e82 elementor-section-boxed elementor-section-height-default elementor-section-height-default\" data-id=\"f980e82\" data-element_type=\"section\" data-e-type=\"section\">\n\t\t\t\t\t\t<div class=\"elementor-container elementor-column-gap-default\">\n\t\t\t\t\t<div class=\"elementor-column elementor-col-50 elementor-top-column elementor-element elementor-element-1dc4443\" data-id=\"1dc4443\" data-element_type=\"column\" data-e-type=\"column\">\n\t\t\t<div class=\"elementor-widget-wrap elementor-element-populated\">\n\t\t\t\t\t\t<div class=\"elementor-element elementor-element-9ac80b1 elementor-widget__width-auto elementor-absolute elementor-invisible elementor-widget elementor-widget-image\" data-id=\"9ac80b1\" data-element_type=\"widget\" data-e-type=\"widget\" data-settings=\"{&quot;_position&quot;:&quot;absolute&quot;,&quot;_animation&quot;:&quot;zoomIn&quot;,&quot;_animation_tablet&quot;:&quot;none&quot;}\" data-widget_type=\"image.default\">\n\t\t\t\t<div class=\"elementor-widget-container\">\n\t\t\t\t\t\t\t\t\t\t\t\t\t\t\t<img decoding=\"async\" width=\"150\" height=\"150\" src=\"https:\/\/www.rxnautic.com\/wp-content\/uploads\/2023\/02\/cropped-RxN_Logo_Gr_trans_w-150x150.png\" class=\"attachment-thumbnail size-thumbnail wp-image-11220\" alt=\"\" srcset=\"https:\/\/www.rxnautic.com\/wp-content\/uploads\/2023\/02\/cropped-RxN_Logo_Gr_trans_w-150x150.png 150w, https:\/\/www.rxnautic.com\/wp-content\/uploads\/2023\/02\/cropped-RxN_Logo_Gr_trans_w-300x300.png 300w, https:\/\/www.rxnautic.com\/wp-content\/uploads\/2023\/02\/cropped-RxN_Logo_Gr_trans_w-270x270.png 270w, https:\/\/www.rxnautic.com\/wp-content\/uploads\/2023\/02\/cropped-RxN_Logo_Gr_trans_w-192x192.png 192w, https:\/\/www.rxnautic.com\/wp-content\/uploads\/2023\/02\/cropped-RxN_Logo_Gr_trans_w-180x180.png 180w, https:\/\/www.rxnautic.com\/wp-content\/uploads\/2023\/02\/cropped-RxN_Logo_Gr_trans_w-32x32.png 32w, https:\/\/www.rxnautic.com\/wp-content\/uploads\/2023\/02\/elementor\/thumbs\/cropped-RxN_Logo_Gr_trans_w-q2uq8o36xvapb0kp2vdy5u4nxlf9swek8wkpd539g0.png 40w, https:\/\/www.rxnautic.com\/wp-content\/uploads\/2023\/02\/elementor\/thumbs\/cropped-RxN_Logo_Gr_trans_w-q2uq8o3996zxd82sgt166dxjwjfd98iffbaj1szzi4.png 230w, https:\/\/www.rxnautic.com\/wp-content\/uploads\/2023\/02\/cropped-RxN_Logo_Gr_trans_w.png 512w\" sizes=\"(max-width: 150px) 100vw, 150px\" \/>\t\t\t\t\t\t\t\t\t\t\t\t\t\t\t<\/div>\n\t\t\t\t<\/div>\n\t\t\t\t<div class=\"elementor-element elementor-element-de8da18 elementor-widget__width-auto elementor-widget elementor-widget-image\" data-id=\"de8da18\" data-element_type=\"widget\" data-e-type=\"widget\" data-widget_type=\"image.default\">\n\t\t\t\t<div class=\"elementor-widget-container\">\n\t\t\t\t\t\t\t\t\t\t\t\t\t\t\t<img fetchpriority=\"high\" decoding=\"async\" width=\"2560\" height=\"1709\" src=\"https:\/\/www.rxnautic.com\/wp-content\/uploads\/2023\/02\/young-man-in-sunglasses-using-laptop-with-blank-sc-2022-12-16-16-34-32-utc-scaled.jpg\" class=\"attachment-full size-full wp-image-10949\" alt=\"\" srcset=\"https:\/\/www.rxnautic.com\/wp-content\/uploads\/2023\/02\/young-man-in-sunglasses-using-laptop-with-blank-sc-2022-12-16-16-34-32-utc-scaled.jpg 2560w, https:\/\/www.rxnautic.com\/wp-content\/uploads\/2023\/02\/young-man-in-sunglasses-using-laptop-with-blank-sc-2022-12-16-16-34-32-utc-300x200.jpg 300w, https:\/\/www.rxnautic.com\/wp-content\/uploads\/2023\/02\/young-man-in-sunglasses-using-laptop-with-blank-sc-2022-12-16-16-34-32-utc-1024x683.jpg 1024w, https:\/\/www.rxnautic.com\/wp-content\/uploads\/2023\/02\/young-man-in-sunglasses-using-laptop-with-blank-sc-2022-12-16-16-34-32-utc-768x513.jpg 768w, https:\/\/www.rxnautic.com\/wp-content\/uploads\/2023\/02\/young-man-in-sunglasses-using-laptop-with-blank-sc-2022-12-16-16-34-32-utc-1536x1025.jpg 1536w, https:\/\/www.rxnautic.com\/wp-content\/uploads\/2023\/02\/young-man-in-sunglasses-using-laptop-with-blank-sc-2022-12-16-16-34-32-utc-2048x1367.jpg 2048w\" sizes=\"(max-width: 2560px) 100vw, 2560px\" \/>\t\t\t\t\t\t\t\t\t\t\t\t\t\t\t<\/div>\n\t\t\t\t<\/div>\n\t\t\t\t\t<\/div>\n\t\t<\/div>\n\t\t\t\t<div class=\"elementor-column elementor-col-50 elementor-top-column elementor-element elementor-element-97a672c elementor-invisible\" data-id=\"97a672c\" data-element_type=\"column\" data-e-type=\"column\" data-settings=\"{&quot;animation&quot;:&quot;ova-move-down&quot;,&quot;animation_tablet&quot;:&quot;none&quot;}\">\n\t\t\t<div class=\"elementor-widget-wrap elementor-element-populated\">\n\t\t\t\t\t\t<div class=\"elementor-element elementor-element-1264904 elementor-widget elementor-widget-infetech_elementor_heading\" data-id=\"1264904\" data-element_type=\"widget\" data-e-type=\"widget\" data-widget_type=\"infetech_elementor_heading.default\">\n\t\t\t\t<div class=\"elementor-widget-container\">\n\t\t\t\t\t\n\t\t\t<div class=\"ova-heading\">\n\t\t\t\t\n\t\t\t\t\t\t\t\t\t<h2 class=\"sub-title\">\n\t\t\t\t\t\t<span class=\"underlined\"><\/span>\n\t\t\t\t\t\t\u00dcber uns\t\t\t\t\t<\/h2>\t\n\t\t\t\t\n\t\t\t\t\n\t\t\t\t\t<h3 class=\"title\">\t\t\t\t\t\t\t\t\t\t\t\t\tWir sind der Partner f\u00fcr Ihre Anforderungen.\t\t\t\t\t\t\t\t\t\t\t<\/h3>\n                \n                \n\t\t\t<\/div>\n\n\t\t\t\t\t\t<\/div>\n\t\t\t\t<\/div>\n\t\t\t\t<div class=\"elementor-element elementor-element-876f6e0 elementor-widget elementor-widget-text-editor\" data-id=\"876f6e0\" data-element_type=\"widget\" data-e-type=\"widget\" data-widget_type=\"text-editor.default\">\n\t\t\t\t<div class=\"elementor-widget-container\">\n\t\t\t\t\t\t\t\t\t<p>Moderne Bootselektronik hat heutzutage mehr mit IT als mit Elektrik zu tun.\u00a0<\/p><p>Mit mehr als 30 Jahren IT-Expertise und der langen Erfahrung auf und mit Booten, sind wir kompetenter, professioneller Ansprechpartner f\u00fcr Ihre Bedarfe beim Refit- oder Upgrade Ihres Bootes mit modernen und zuverl\u00e4ssigen Systemen und Ger\u00e4ten.<br \/>Von der Auswahl der besten Komponenten bis hin zur Installation durch unsere erfahrenen Partnerfirmen unterst\u00fctzen wir Sie bei allem, um sicherzustellen, dass Ihre Bootselektronik auf dem neuesten Stand der Technik ist.<\/p><p>Dar\u00fcber hinaus bieten wir Ihnen eine umfassende Beratung zur Auswahl und Installation von elektronischen Sicherheitseinrichtungen wie EPIRB, MOB, Set-Telefon, SART und mehr, um die Sicherheit an Bord zu gew\u00e4hrleisten. Wir unterst\u00fctzen Sie bei der Einrichtung und Installation, um sicherzustellen, dass alles nahtlos funktioniert.<\/p><p>Auch wenn es um den Komfort an Bord geht, k\u00f6nnen wir Ihnen bei der Auswahl und Installation von Heizungen und \u00d6fen, Innenbeleuchtungen, Umr\u00fcstungen auf LED-Beleuchtung und mehr helfen. Wir bieten auch eine Auswahl an medizinischem Material f\u00fcr Langstrecken- und Blauwassersegler, um bei medizinischen Notf\u00e4llen an Bord bestens ger\u00fcstet zu sein. Unsere Kurse zu diesem Thema helfen Ihnen, im Notfall richtig zu handeln.<\/p><p>Vertrauen Sie unserem erfahrenen und kompetenten Team, der Ihre Bed\u00fcrfnisse erf\u00fcllt und Ihnen eine sichere und komfortable Fahrt auf dem Wasser erm\u00f6glicht.<\/p>\t\t\t\t\t\t\t\t<\/div>\n\t\t\t\t<\/div>\n\t\t\t\t<section class=\"elementor-section elementor-inner-section elementor-element elementor-element-9126931 elementor-section-full_width elementor-section-height-default elementor-section-height-default\" data-id=\"9126931\" data-element_type=\"section\" data-e-type=\"section\">\n\t\t\t\t\t\t<div class=\"elementor-container elementor-column-gap-no\">\n\t\t\t\t\t<div class=\"elementor-column elementor-col-50 elementor-inner-column elementor-element elementor-element-b561ed0\" data-id=\"b561ed0\" data-element_type=\"column\" data-e-type=\"column\">\n\t\t\t<div class=\"elementor-widget-wrap elementor-element-populated\">\n\t\t\t\t\t\t<div class=\"elementor-element elementor-element-e015c72 elementor-list-item-link-full_width elementor-widget elementor-widget-icon-list\" data-id=\"e015c72\" data-element_type=\"widget\" data-e-type=\"widget\" data-widget_type=\"icon-list.default\">\n\t\t\t\t<div class=\"elementor-widget-container\">\n\t\t\t\t\t\t\t<ul class=\"elementor-icon-list-items\">\n\t\t\t\t\t\t\t<li class=\"elementor-icon-list-item\">\n\t\t\t\t\t\t\t\t\t\t\t<span class=\"elementor-icon-list-icon\">\n\t\t\t\t\t\t\t<i aria-hidden=\"true\" class=\"flaticon flaticon-check\"><\/i>\t\t\t\t\t\t<\/span>\n\t\t\t\t\t\t\t\t\t\t<span class=\"elementor-icon-list-text\">Elektronikexperten<\/span>\n\t\t\t\t\t\t\t\t\t<\/li>\n\t\t\t\t\t\t\t\t<li class=\"elementor-icon-list-item\">\n\t\t\t\t\t\t\t\t\t\t\t<span class=\"elementor-icon-list-icon\">\n\t\t\t\t\t\t\t<i aria-hidden=\"true\" class=\"flaticon flaticon-check\"><\/i>\t\t\t\t\t\t<\/span>\n\t\t\t\t\t\t\t\t\t\t<span class=\"elementor-icon-list-text\">Kundenorientiert<\/span>\n\t\t\t\t\t\t\t\t\t<\/li>\n\t\t\t\t\t\t<\/ul>\n\t\t\t\t\t\t<\/div>\n\t\t\t\t<\/div>\n\t\t\t\t\t<\/div>\n\t\t<\/div>\n\t\t\t\t<div class=\"elementor-column elementor-col-50 elementor-inner-column elementor-element elementor-element-7fd7b2b\" data-id=\"7fd7b2b\" data-element_type=\"column\" data-e-type=\"column\">\n\t\t\t<div class=\"elementor-widget-wrap elementor-element-populated\">\n\t\t\t\t\t\t<div class=\"elementor-element elementor-element-c7f17c8 elementor-list-item-link-full_width elementor-widget elementor-widget-icon-list\" data-id=\"c7f17c8\" data-element_type=\"widget\" data-e-type=\"widget\" data-widget_type=\"icon-list.default\">\n\t\t\t\t<div class=\"elementor-widget-container\">\n\t\t\t\t\t\t\t<ul class=\"elementor-icon-list-items\">\n\t\t\t\t\t\t\t<li class=\"elementor-icon-list-item\">\n\t\t\t\t\t\t\t\t\t\t\t<span class=\"elementor-icon-list-icon\">\n\t\t\t\t\t\t\t<i aria-hidden=\"true\" class=\"flaticon flaticon-check\"><\/i>\t\t\t\t\t\t<\/span>\n\t\t\t\t\t\t\t\t\t\t<span class=\"elementor-icon-list-text\">Umfangreiches Partnernetz<\/span>\n\t\t\t\t\t\t\t\t\t<\/li>\n\t\t\t\t\t\t\t\t<li class=\"elementor-icon-list-item\">\n\t\t\t\t\t\t\t\t\t\t\t<span class=\"elementor-icon-list-icon\">\n\t\t\t\t\t\t\t<i aria-hidden=\"true\" class=\"flaticon flaticon-check\"><\/i>\t\t\t\t\t\t<\/span>\n\t\t\t\t\t\t\t\t\t\t<span class=\"elementor-icon-list-text\">Selber Skipper<\/span>\n\t\t\t\t\t\t\t\t\t<\/li>\n\t\t\t\t\t\t<\/ul>\n\t\t\t\t\t\t<\/div>\n\t\t\t\t<\/div>\n\t\t\t\t\t<\/div>\n\t\t<\/div>\n\t\t\t\t\t<\/div>\n\t\t<\/section>\n\t\t\t\t<div class=\"elementor-element elementor-element-c6611a6 elementor-widget elementor-widget-button\" data-id=\"c6611a6\" data-element_type=\"widget\" data-e-type=\"widget\" data-widget_type=\"button.default\">\n\t\t\t\t<div class=\"elementor-widget-container\">\n\t\t\t\t\t\t\t\t\t<div class=\"elementor-button-wrapper\">\n\t\t\t\t\t<a class=\"elementor-button elementor-button-link elementor-size-sm\" href=\"https:\/\/www.rxnautic.com\/index.php\/contact\/\">\n\t\t\t\t\t\t<span class=\"elementor-button-content-wrapper\">\n\t\t\t\t\t\t\t\t\t<span class=\"elementor-button-text\">Kontakt<\/span>\n\t\t\t\t\t<\/span>\n\t\t\t\t\t<\/a>\n\t\t\t\t<\/div>\n\t\t\t\t\t\t\t\t<\/div>\n\t\t\t\t<\/div>\n\t\t\t\t\t<\/div>\n\t\t<\/div>\n\t\t\t\t\t<\/div>\n\t\t<\/section>\n\t\t\t\t<section class=\"elementor-section elementor-top-section elementor-element elementor-element-3e2f476 elementor-section-boxed elementor-section-height-default elementor-section-height-default\" data-id=\"3e2f476\" data-element_type=\"section\" data-e-type=\"section\">\n\t\t\t\t\t\t<div class=\"elementor-container elementor-column-gap-default\">\n\t\t\t\t\t<div class=\"elementor-column elementor-col-25 elementor-top-column elementor-element elementor-element-01e466f\" data-id=\"01e466f\" data-element_type=\"column\" data-e-type=\"column\">\n\t\t\t<div class=\"elementor-widget-wrap elementor-element-populated\">\n\t\t\t\t\t\t<div class=\"elementor-element elementor-element-3cc7280 elementor-widget elementor-widget-infetech_elementor_counter\" data-id=\"3cc7280\" data-element_type=\"widget\" data-e-type=\"widget\" data-widget_type=\"infetech_elementor_counter.default\">\n\t\t\t\t<div class=\"elementor-widget-container\">\n\t\t\t\t\t           \n           <div class=\"ova-counter ova-counter-template3\" \n               data-count=\"25\"\n            >\n\n             \n\t\t\t<span class=\"odometer\">0<\/span>\n\t\t\t<sup class=\"suffix\">+<\/sup>\n\t\t\t\n      \t    \t\t\t\t<h4 class=\"title\">\n\t\t\t\t\tJahre Erfahrung\t\t\t\t<\/h4>\n\t\t\t\n           <\/div>\n\t\t \t\n\t\t\t\t\t\t<\/div>\n\t\t\t\t<\/div>\n\t\t\t\t\t<\/div>\n\t\t<\/div>\n\t\t\t\t<div class=\"elementor-column elementor-col-25 elementor-top-column elementor-element elementor-element-623046b\" data-id=\"623046b\" data-element_type=\"column\" data-e-type=\"column\">\n\t\t\t<div class=\"elementor-widget-wrap elementor-element-populated\">\n\t\t\t\t\t\t<div class=\"elementor-element elementor-element-efadff6 elementor-widget elementor-widget-infetech_elementor_counter\" data-id=\"efadff6\" data-element_type=\"widget\" data-e-type=\"widget\" data-widget_type=\"infetech_elementor_counter.default\">\n\t\t\t\t<div class=\"elementor-widget-container\">\n\t\t\t\t\t           \n           <div class=\"ova-counter ova-counter-template3\" \n               data-count=\"400\"\n            >\n\n             \n\t\t\t<span class=\"odometer\">0<\/span>\n\t\t\t<sup class=\"suffix\">+<\/sup>\n\t\t\t\n      \t    \t\t\t\t<h4 class=\"title\">\n\t\t\t\t\tAbgeschlossene Auftr\u00e4ge\t\t\t\t<\/h4>\n\t\t\t\n           <\/div>\n\t\t \t\n\t\t\t\t\t\t<\/div>\n\t\t\t\t<\/div>\n\t\t\t\t\t<\/div>\n\t\t<\/div>\n\t\t\t\t<div class=\"elementor-column elementor-col-25 elementor-top-column elementor-element elementor-element-eeb5a2c\" data-id=\"eeb5a2c\" data-element_type=\"column\" data-e-type=\"column\">\n\t\t\t<div class=\"elementor-widget-wrap elementor-element-populated\">\n\t\t\t\t\t\t<div class=\"elementor-element elementor-element-6332cec elementor-widget elementor-widget-infetech_elementor_counter\" data-id=\"6332cec\" data-element_type=\"widget\" data-e-type=\"widget\" data-widget_type=\"infetech_elementor_counter.default\">\n\t\t\t\t<div class=\"elementor-widget-container\">\n\t\t\t\t\t           \n           <div class=\"ova-counter ova-counter-template3\" \n               data-count=\"6000\"\n            >\n\n             \n\t\t\t<span class=\"odometer\">0<\/span>\n\t\t\t<sup class=\"suffix\">+<\/sup>\n\t\t\t\n      \t    \t\t\t\t<h4 class=\"title\">\n\t\t\t\t\tSeemeilen\t\t\t\t<\/h4>\n\t\t\t\n           <\/div>\n\t\t \t\n\t\t\t\t\t\t<\/div>\n\t\t\t\t<\/div>\n\t\t\t\t\t<\/div>\n\t\t<\/div>\n\t\t\t\t<div class=\"elementor-column elementor-col-25 elementor-top-column elementor-element elementor-element-3a960b6\" data-id=\"3a960b6\" data-element_type=\"column\" data-e-type=\"column\">\n\t\t\t<div class=\"elementor-widget-wrap elementor-element-populated\">\n\t\t\t\t\t\t<div class=\"elementor-element elementor-element-b0f8c7d elementor-widget elementor-widget-infetech_elementor_counter\" data-id=\"b0f8c7d\" data-element_type=\"widget\" data-e-type=\"widget\" data-widget_type=\"infetech_elementor_counter.default\">\n\t\t\t\t<div class=\"elementor-widget-container\">\n\t\t\t\t\t           \n           <div class=\"ova-counter ova-counter-template3\" \n               data-count=\"200\"\n            >\n\n             \n\t\t\t<span class=\"odometer\">0<\/span>\n\t\t\t<sup class=\"suffix\">+<\/sup>\n\t\t\t\n      \t    \t\t\t\t<h4 class=\"title\">\n\t\t\t\t\tGepr\u00fcfte Artikel\t\t\t\t<\/h4>\n\t\t\t\n           <\/div>\n\t\t \t\n\t\t\t\t\t\t<\/div>\n\t\t\t\t<\/div>\n\t\t\t\t\t<\/div>\n\t\t<\/div>\n\t\t\t\t\t<\/div>\n\t\t<\/section>\n\t\t\t\t<section class=\"elementor-section elementor-top-section elementor-element elementor-element-3ac79c7 elementor-section-boxed elementor-section-height-default elementor-section-height-default\" data-id=\"3ac79c7\" data-element_type=\"section\" data-e-type=\"section\">\n\t\t\t\t\t\t<div class=\"elementor-container elementor-column-gap-default\">\n\t\t\t\t\t<div class=\"elementor-column elementor-col-20 elementor-top-column elementor-element elementor-element-36f1cea\" data-id=\"36f1cea\" data-element_type=\"column\" data-e-type=\"column\" data-settings=\"{&quot;background_background&quot;:&quot;classic&quot;}\">\n\t\t\t<div class=\"elementor-widget-wrap elementor-element-populated\">\n\t\t\t\t\t\t<div class=\"elementor-element elementor-element-8d0ab70 elementor-widget elementor-widget-image\" data-id=\"8d0ab70\" data-element_type=\"widget\" data-e-type=\"widget\" data-widget_type=\"image.default\">\n\t\t\t\t<div class=\"elementor-widget-container\">\n\t\t\t\t\t\t\t\t\t\t\t\t\t\t\t<img decoding=\"async\" width=\"400\" height=\"231\" src=\"https:\/\/www.rxnautic.com\/wp-content\/uploads\/2023\/02\/60889.png\" class=\"attachment-full size-full wp-image-10970\" alt=\"\" srcset=\"https:\/\/www.rxnautic.com\/wp-content\/uploads\/2023\/02\/60889.png 400w, https:\/\/www.rxnautic.com\/wp-content\/uploads\/2023\/02\/60889-300x173.png 300w\" sizes=\"(max-width: 400px) 100vw, 400px\" \/>\t\t\t\t\t\t\t\t\t\t\t\t\t\t\t<\/div>\n\t\t\t\t<\/div>\n\t\t\t\t\t<\/div>\n\t\t<\/div>\n\t\t\t\t<div class=\"elementor-column elementor-col-20 elementor-top-column elementor-element elementor-element-54825bd\" data-id=\"54825bd\" data-element_type=\"column\" data-e-type=\"column\" data-settings=\"{&quot;background_background&quot;:&quot;classic&quot;}\">\n\t\t\t<div class=\"elementor-widget-wrap elementor-element-populated\">\n\t\t\t\t\t\t<div class=\"elementor-element elementor-element-e876946 elementor-widget elementor-widget-image\" data-id=\"e876946\" data-element_type=\"widget\" data-e-type=\"widget\" data-widget_type=\"image.default\">\n\t\t\t\t<div class=\"elementor-widget-container\">\n\t\t\t\t\t\t\t\t\t\t\t\t\t\t\t<img loading=\"lazy\" decoding=\"async\" width=\"233\" height=\"220\" src=\"https:\/\/www.rxnautic.com\/wp-content\/uploads\/2023\/02\/logo-1.png\" class=\"attachment-full size-full wp-image-11246\" alt=\"\" \/>\t\t\t\t\t\t\t\t\t\t\t\t\t\t\t<\/div>\n\t\t\t\t<\/div>\n\t\t\t\t\t<\/div>\n\t\t<\/div>\n\t\t\t\t<div class=\"elementor-column elementor-col-20 elementor-top-column elementor-element elementor-element-4e1817e\" data-id=\"4e1817e\" data-element_type=\"column\" data-e-type=\"column\" data-settings=\"{&quot;background_background&quot;:&quot;classic&quot;}\">\n\t\t\t<div class=\"elementor-widget-wrap elementor-element-populated\">\n\t\t\t\t\t\t<div class=\"elementor-element elementor-element-eb72689 elementor-widget elementor-widget-image\" data-id=\"eb72689\" data-element_type=\"widget\" data-e-type=\"widget\" data-widget_type=\"image.default\">\n\t\t\t\t<div class=\"elementor-widget-container\">\n\t\t\t\t\t\t\t\t\t\t\t\t\t\t\t<img loading=\"lazy\" decoding=\"async\" width=\"400\" height=\"266\" src=\"https:\/\/www.rxnautic.com\/wp-content\/uploads\/2023\/02\/bukh.png\" class=\"attachment-full size-full wp-image-11194\" alt=\"\" srcset=\"https:\/\/www.rxnautic.com\/wp-content\/uploads\/2023\/02\/bukh.png 400w, https:\/\/www.rxnautic.com\/wp-content\/uploads\/2023\/02\/bukh-300x200.png 300w\" sizes=\"(max-width: 400px) 100vw, 400px\" \/>\t\t\t\t\t\t\t\t\t\t\t\t\t\t\t<\/div>\n\t\t\t\t<\/div>\n\t\t\t\t\t<\/div>\n\t\t<\/div>\n\t\t\t\t<div class=\"elementor-column elementor-col-20 elementor-top-column elementor-element elementor-element-c1a722c\" data-id=\"c1a722c\" data-element_type=\"column\" data-e-type=\"column\" data-settings=\"{&quot;background_background&quot;:&quot;classic&quot;}\">\n\t\t\t<div class=\"elementor-widget-wrap elementor-element-populated\">\n\t\t\t\t\t\t<div class=\"elementor-element elementor-element-2efb0e0 elementor-widget elementor-widget-image\" data-id=\"2efb0e0\" data-element_type=\"widget\" data-e-type=\"widget\" data-widget_type=\"image.default\">\n\t\t\t\t<div class=\"elementor-widget-container\">\n\t\t\t\t\t\t\t\t\t\t\t\t\t\t\t<img loading=\"lazy\" decoding=\"async\" width=\"2753\" height=\"559\" src=\"https:\/\/www.rxnautic.com\/wp-content\/uploads\/2023\/02\/logo_actisense.png\" class=\"attachment-full size-full wp-image-11192\" alt=\"\" srcset=\"https:\/\/www.rxnautic.com\/wp-content\/uploads\/2023\/02\/logo_actisense.png 2753w, https:\/\/www.rxnautic.com\/wp-content\/uploads\/2023\/02\/logo_actisense-300x61.png 300w, https:\/\/www.rxnautic.com\/wp-content\/uploads\/2023\/02\/logo_actisense-1024x208.png 1024w, https:\/\/www.rxnautic.com\/wp-content\/uploads\/2023\/02\/logo_actisense-768x156.png 768w, https:\/\/www.rxnautic.com\/wp-content\/uploads\/2023\/02\/logo_actisense-1536x312.png 1536w, https:\/\/www.rxnautic.com\/wp-content\/uploads\/2023\/02\/logo_actisense-2048x416.png 2048w\" sizes=\"(max-width: 2753px) 100vw, 2753px\" \/>\t\t\t\t\t\t\t\t\t\t\t\t\t\t\t<\/div>\n\t\t\t\t<\/div>\n\t\t\t\t\t<\/div>\n\t\t<\/div>\n\t\t\t\t<div class=\"elementor-column elementor-col-20 elementor-top-column elementor-element elementor-element-2b0e3d8\" data-id=\"2b0e3d8\" data-element_type=\"column\" data-e-type=\"column\" data-settings=\"{&quot;background_background&quot;:&quot;classic&quot;}\">\n\t\t\t<div class=\"elementor-widget-wrap elementor-element-populated\">\n\t\t\t\t\t\t<div class=\"elementor-element elementor-element-87a19d0 elementor-widget elementor-widget-image\" data-id=\"87a19d0\" data-element_type=\"widget\" data-e-type=\"widget\" data-widget_type=\"image.default\">\n\t\t\t\t<div class=\"elementor-widget-container\">\n\t\t\t\t\t\t\t\t\t\t\t\t\t\t\t<img loading=\"lazy\" decoding=\"async\" width=\"400\" height=\"201\" src=\"https:\/\/www.rxnautic.com\/wp-content\/uploads\/2023\/02\/60852-1.png\" class=\"attachment-full size-full wp-image-11245\" alt=\"\" srcset=\"https:\/\/www.rxnautic.com\/wp-content\/uploads\/2023\/02\/60852-1.png 400w, https:\/\/www.rxnautic.com\/wp-content\/uploads\/2023\/02\/60852-1-300x151.png 300w\" sizes=\"(max-width: 400px) 100vw, 400px\" \/>\t\t\t\t\t\t\t\t\t\t\t\t\t\t\t<\/div>\n\t\t\t\t<\/div>\n\t\t\t\t\t<\/div>\n\t\t<\/div>\n\t\t\t\t\t<\/div>\n\t\t<\/section>\n\t\t\t\t<\/div>\n\t\t","protected":false},"excerpt":{"rendered":"<p>\u00dcber uns Wir sind der Partner f\u00fcr Ihre Anforderungen. Moderne Bootselektronik hat heutzutage mehr mit IT als mit Elektrik zu tun.\u00a0 Mit mehr als 30 Jahren IT-Expertise und der langen Erfahrung auf und mit Booten, sind wir kompetenter, professioneller Ansprechpartner f\u00fcr Ihre Bedarfe beim Refit- oder Upgrade Ihres Bootes mit modernen und zuverl\u00e4ssigen Systemen und [&hellip;]<\/p>\n","protected":false},"author":1,"featured_media":0,"parent":0,"menu_order":0,"comment_status":"closed","ping_status":"closed","template":"elementor_header_footer","meta":{"footnotes":""},"class_list":["post-26","page","type-page","status-publish","hentry"],"_links":{"self":[{"href":"https:\/\/www.rxnautic.com\/index.php\/wp-json\/wp\/v2\/pages\/26","targetHints":{"allow":["GET"]}}],"collection":[{"href":"https:\/\/www.rxnautic.com\/index.php\/wp-json\/wp\/v2\/pages"}],"about":[{"href":"https:\/\/www.rxnautic.com\/index.php\/wp-json\/wp\/v2\/types\/page"}],"author":[{"embeddable":true,"href":"https:\/\/www.rxnautic.com\/index.php\/wp-json\/wp\/v2\/users\/1"}],"replies":[{"embeddable":true,"href":"https:\/\/www.rxnautic.com\/index.php\/wp-json\/wp\/v2\/comments?post=26"}],"version-history":[{"count":0,"href":"https:\/\/www.rxnautic.com\/index.php\/wp-json\/wp\/v2\/pages\/26\/revisions"}],"wp:attachment":[{"href":"https:\/\/www.rxnautic.com\/index.php\/wp-json\/wp\/v2\/media?parent=26"}],"curies":[{"name":"wp","href":"https:\/\/api.w.org\/{rel}","templated":true}]}}